{"id":2,"date":"2013-10-08T09:54:01","date_gmt":"2013-10-08T09:54:01","guid":{"rendered":"http:\/\/www.pomer.org\/?page_id=2"},"modified":"2013-10-11T13:08:00","modified_gmt":"2013-10-11T11:08:00","slug":"pagina-ejemplo","status":"publish","type":"page","link":"https:\/\/www.pomer.org\/?page_id=2","title":{"rendered":"Sobre Pomer"},"content":{"rendered":"<h2>\u00bfQu\u00e9 es Pomer?<\/h2>\n<p>POMER, como se llama este portal, toma su nombre de un pueblecito cercano al Moncayo que se encuentra a 2 km. de las tierras de Soria como \u00faltimo pueblo de la provincia de Zaragoza en su vertiente oeste. De su paisaje destaca lo monta\u00f1oso, de su d\u00eda a d\u00eda la tranquilidad y el sosiego en invierno y sus fiestas y la avalancha de gente que congregan en verano, mientras que de sus gentes, como manda la tradici\u00f3n del lugar, su nobleza y laboriosidad.<\/p>\n<h2>Pomer en Datos:<\/h2>\n<ul>\n<li>Habitantes (aprox.): 35<\/li>\n<li>Altitud (aprox.): 1.107 m.<\/li>\n<li>Comarca: Aranda<\/li>\n<li>Superficie (aprox.): 33,1 km2<\/li>\n<li>Densidad: 0,94 hab.\/km2<\/li>\n<li>Fiestas principales: 15 Agosto, 3er domingo de Septiembre y 23 de abril<\/li>\n<li>Qu\u00e9 visitar: Iglesia de estilo tardog\u00f3tico y portada manierista que conserva elementos de su origen rom\u00e1nico; Refugio para cazadores; Diversas fuentes como la Auneva o el Chorro.<\/li>\n<li>Actividades: Pomer cuenta en su t\u00e9rmino con toda una serie de caminos se\u00f1alizados para la pr\u00e1ctica del senderismo.<\/li>\n<li>Ayuntamiento: Calvario, 26<\/li>\n<li>C\u00f3digo Postal: 50259<\/li>\n<li>Gentilicio: Pomerino<\/li>\n<li>C\u00f3mo llegar: Situaci\u00f3n: al O. de Zaragoza por carretera N-II, con desv\u00edo en Morata de Jal\u00f3n<\/li>\n<\/ul>\n ","protected":false},"excerpt":{"rendered":"<p>\u00bfQu\u00e9 es Pomer? POMER, como se llama este portal, toma su nombre de un pueblecito cercano al Moncayo que se encuentra a 2 km. de las tierras de Soria como \u00faltimo pueblo de la provincia de Zaragoza en su vertiente &hellip; <a href=\"https:\/\/www.pomer.org\/?page_id=2\">Sigue leyendo <span class=\"meta-nav\">&rarr;<\/span><\/a><\/p>\n","protected":false},"author":1,"featured_media":0,"parent":0,"menu_order":0,"comment_status":"closed","ping_status":"closed","template":"","meta":{"footnotes":""},"class_list":["post-2","page","type-page","status-publish","hentry"],"_links":{"self":[{"href":"https:\/\/www.pomer.org\/index.php?rest_route=\/wp\/v2\/pages\/2","targetHints":{"allow":["GET"]}}],"collection":[{"href":"https:\/\/www.pomer.org\/index.php?rest_route=\/wp\/v2\/pages"}],"about":[{"href":"https:\/\/www.pomer.org\/index.php?rest_route=\/wp\/v2\/types\/page"}],"author":[{"embeddable":true,"href":"https:\/\/www.pomer.org\/index.php?rest_route=\/wp\/v2\/users\/1"}],"replies":[{"embeddable":true,"href":"https:\/\/www.pomer.org\/index.php?rest_route=%2Fwp%2Fv2%2Fcomments&post=2"}],"version-history":[{"count":2,"href":"https:\/\/www.pomer.org\/index.php?rest_route=\/wp\/v2\/pages\/2\/revisions"}],"predecessor-version":[{"id":24,"href":"https:\/\/www.pomer.org\/index.php?rest_route=\/wp\/v2\/pages\/2\/revisions\/24"}],"wp:attachment":[{"href":"https:\/\/www.pomer.org\/index.php?rest_route=%2Fwp%2Fv2%2Fmedia&parent=2"}],"curies":[{"name":"wp","href":"https:\/\/api.w.org\/{rel}","templated":true}]}}